{"id":260,"date":"2025-03-11T06:08:53","date_gmt":"2025-03-11T06:08:53","guid":{"rendered":"https:\/\/baudecker.com\/wp\/?page_id=260"},"modified":"2025-09-21T10:35:14","modified_gmt":"2025-09-21T08:35:14","slug":"zaginarka-dekarska-do-blach-1140-mm-08-mm","status":"publish","type":"page","link":"https:\/\/baudecker.com\/wp\/pl\/zaginarka-dekarska-do-blach-1140-mm-08-mm\/","title":{"rendered":"Zaginarka dekarska 3140 mm \/ 0,8 mm PL"},"content":{"rendered":"\n<p style=\"padding-top:var(--wp--preset--spacing--x-small);padding-bottom:var(--wp--preset--spacing--x-small)\"><\/p>\n\n\n\n<div class=\"wp-block-columns is-layout-flex wp-container-core-columns-is-layout-3e250f30 wp-block-columns-is-layout-flex\" style=\"margin-top:0;margin-bottom:0\">\n<div class=\"wp-block-column is-layout-flow wp-block-column-is-layout-flow\" style=\"flex-basis:100%\">\n<blockquote class=\"wp-block-quote is-layout-flow wp-block-quote-is-layout-flow\">\n<p class=\"has-large-font-size\"><strong>Zaginarka dekarska do blach 3140 mm \/ 0,8 mm<\/strong><\/p>\n<\/blockquote>\n<\/div>\n<\/div>\n\n\n\n<p>Gi\u0119tarka zosta\u0142a wykonana z najwy\u017cszej jako\u015bci materia\u0142\u00f3w na obrabiarkach CNC. Ka\u017cda p\u0142aszczyzna, tj. belka dociskowa, belka sta\u0142a oraz belka gn\u0105ca s\u0105 obrabiane na frezarkach CNC. Warto nadmieni\u0107, i\u017c ca\u0142y proces obr\u00f3bki a tak\u017ce malowania wykonujemy osobi\u015bcie dzi\u0119ki czemu mamy ca\u0142kowit\u0105 kontrol\u0119 nad jako\u015bci\u0105 produktu ko\u0144cowego.<br><br><strong>Parametry zaginarki:<\/strong><br>&#8211; waga zaginarki: 400 kg,<br>&#8211; grubo\u015b\u0107 maksymalna blachy stalowej: 0,8 mm,<br>&#8211; szeroko\u015b\u0107 robocza: 3140 mm,<br>&#8211; prze\u015bwit mi\u0119dzy belkami: 80 mm,<br>&#8211; maksymalny k\u0105t zaginania blachy: 135 stopni<br>&#8211; grubo\u015b\u0107 belki zaginaj\u0105cej: 24 mm,<br>&#8211; odkr\u0119cane nogi.<br><br><strong>Wyposa\u017cenie:<\/strong><br>&#8211; blokada k\u0105ta gi\u0119cia,<br>&#8211; k\u0105tomierz,<br>&#8211; przymiary do powtarzalnego ci\u0119cia blachy,<br>&#8211; zderzaki przednie,<br>&#8211; st\u00f3\u0142 tylni,<br>&#8211; n\u00f3\u017c kr\u0105\u017ckowy do ci\u0119cia wykonany ze stali ulepszanej cieplnie.<br><\/p>\n\n\n\n<p style=\"padding-top:var(--wp--preset--spacing--xx-small);padding-bottom:var(--wp--preset--spacing--xx-small)\"><strong>Galeria<\/strong><\/p>\n\n\n<div class=\"foogallery foogallery-container foogallery-carousel foogallery-lightbox-foogallery fg-carousel fg-light fg-border-thin fg-shadow-outline fg-loading-default fg-loaded-fade-in fg-caption-hover fg-hover-fade fg-hover-zoom fg-ready\" id=\"foogallery-gallery-1270\" data-foogallery=\"{&quot;item&quot;:{&quot;showCaptionTitle&quot;:true,&quot;showCaptionDescription&quot;:true},&quot;lazy&quot;:true,&quot;template&quot;:{&quot;maxItems&quot;:5,&quot;scale&quot;:0.12,&quot;gutter&quot;:{&quot;min&quot;:-40,&quot;max&quot;:-20,&quot;unit&quot;:&quot;%&quot;},&quot;autoplay&quot;:{&quot;time&quot;:0,&quot;interaction&quot;:&quot;pause&quot;},&quot;centerOnClick&quot;:true}}\" data-foogallery-lightbox=\"{&quot;thumbs&quot;:&quot;bottom&quot;,&quot;thumbsCaptions&quot;:false,&quot;thumbsBestFit&quot;:false,&quot;thumbsSmall&quot;:false,&quot;thumbsCaptionsAlign&quot;:&quot;default&quot;,&quot;info&quot;:&quot;bottom&quot;,&quot;infoVisible&quot;:true,&quot;infoOverlay&quot;:true,&quot;infoAlign&quot;:&quot;default&quot;,&quot;transition&quot;:&quot;fade&quot;,&quot;hoverButtons&quot;:false,&quot;fitMedia&quot;:false,&quot;noScrollbars&quot;:true,&quot;preserveButtonSpace&quot;:true,&quot;buttons&quot;:{&quot;fullscreen&quot;:true,&quot;info&quot;:true,&quot;thumbs&quot;:false},&quot;video&quot;:{&quot;autoPlay&quot;:true}}\" >\n\t<button type=\"button\" class=\"fg-carousel-prev\"><\/button>\n\t<div class=\"fg-carousel-inner\">\n\t\t<div class=\"fg-carousel-center\"><\/div>\n\t\t<div class=\"fg-item fg-type-image fg-idle\"><figure class=\"fg-item-inner\"><a href=\"https:\/\/baudecker.com\/wp\/wp-content\/uploads\/2025\/09\/111.jpg\" data-attachment-id=\"1271\" data-type=\"image\" class=\"fg-thumb\"><span class=\"fg-image-wrap\"><img fetchpriority=\"high\" decoding=\"async\" width=\"660\" height=\"400\" class=\"skip-lazy fg-image\" data-src-fg=\"https:\/\/baudecker.com\/wp\/wp-content\/uploads\/cache\/2025\/09\/111\/2928348949.jpg\" src=\"data:image\/svg+xml,%3Csvg%20xmlns%3D%22http%3A%2F%2Fwww.w3.org%2F2000%2Fsvg%22%20width%3D%22660%22%20height%3D%22400%22%20viewBox%3D%220%200%20660%20400%22%3E%3C%2Fsvg%3E\" loading=\"eager\"><\/span><span class=\"fg-image-overlay\"><\/span><\/a><figcaption class=\"fg-caption\"><div class=\"fg-caption-inner\"><\/div><\/figcaption><\/figure><div class=\"fg-loader\"><\/div><\/div><div class=\"fg-item fg-type-image fg-idle\"><figure class=\"fg-item-inner\"><a href=\"https:\/\/baudecker.com\/wp\/wp-content\/uploads\/2025\/09\/7777777.jpg\" data-attachment-id=\"1273\" data-type=\"image\" class=\"fg-thumb\"><span class=\"fg-image-wrap\"><img decoding=\"async\" width=\"660\" height=\"400\" class=\"skip-lazy fg-image\" data-src-fg=\"https:\/\/baudecker.com\/wp\/wp-content\/uploads\/cache\/2025\/09\/7777777\/1800636432.jpg\" src=\"data:image\/svg+xml,%3Csvg%20xmlns%3D%22http%3A%2F%2Fwww.w3.org%2F2000%2Fsvg%22%20width%3D%22660%22%20height%3D%22400%22%20viewBox%3D%220%200%20660%20400%22%3E%3C%2Fsvg%3E\" loading=\"eager\"><\/span><span class=\"fg-image-overlay\"><\/span><\/a><figcaption class=\"fg-caption\"><div class=\"fg-caption-inner\"><\/div><\/figcaption><\/figure><div class=\"fg-loader\"><\/div><\/div><div class=\"fg-item fg-type-image fg-idle\"><figure class=\"fg-item-inner\"><a href=\"https:\/\/baudecker.com\/wp\/wp-content\/uploads\/2025\/09\/6666666666.jpg\" data-attachment-id=\"1274\" data-type=\"image\" class=\"fg-thumb\"><span class=\"fg-image-wrap\"><img decoding=\"async\" width=\"660\" height=\"400\" class=\"skip-lazy fg-image\" data-src-fg=\"https:\/\/baudecker.com\/wp\/wp-content\/uploads\/cache\/2025\/09\/6666666666\/1729032462.jpg\" src=\"data:image\/svg+xml,%3Csvg%20xmlns%3D%22http%3A%2F%2Fwww.w3.org%2F2000%2Fsvg%22%20width%3D%22660%22%20height%3D%22400%22%20viewBox%3D%220%200%20660%20400%22%3E%3C%2Fsvg%3E\" loading=\"eager\"><\/span><span class=\"fg-image-overlay\"><\/span><\/a><figcaption class=\"fg-caption\"><div class=\"fg-caption-inner\"><\/div><\/figcaption><\/figure><div class=\"fg-loader\"><\/div><\/div><div class=\"fg-item fg-type-image fg-idle\"><figure class=\"fg-item-inner\"><a href=\"https:\/\/baudecker.com\/wp\/wp-content\/uploads\/2025\/09\/33333333333.jpg\" data-attachment-id=\"1276\" data-type=\"image\" class=\"fg-thumb\"><span class=\"fg-image-wrap\"><img decoding=\"async\" width=\"660\" height=\"400\" class=\"skip-lazy fg-image\" data-src-fg=\"https:\/\/baudecker.com\/wp\/wp-content\/uploads\/cache\/2025\/09\/33333333333\/2602803205.jpg\" src=\"data:image\/svg+xml,%3Csvg%20xmlns%3D%22http%3A%2F%2Fwww.w3.org%2F2000%2Fsvg%22%20width%3D%22660%22%20height%3D%22400%22%20viewBox%3D%220%200%20660%20400%22%3E%3C%2Fsvg%3E\" loading=\"eager\"><\/span><span class=\"fg-image-overlay\"><\/span><\/a><figcaption class=\"fg-caption\"><div class=\"fg-caption-inner\"><\/div><\/figcaption><\/figure><div class=\"fg-loader\"><\/div><\/div><div class=\"fg-item fg-type-image fg-idle\"><figure class=\"fg-item-inner\"><a href=\"https:\/\/baudecker.com\/wp\/wp-content\/uploads\/2025\/09\/22222222222.jpg\" data-attachment-id=\"1275\" data-type=\"image\" class=\"fg-thumb\"><span class=\"fg-image-wrap\"><img decoding=\"async\" width=\"660\" height=\"400\" class=\"skip-lazy fg-image\" data-src-fg=\"https:\/\/baudecker.com\/wp\/wp-content\/uploads\/cache\/2025\/09\/22222222222\/910434249.jpg\" src=\"data:image\/svg+xml,%3Csvg%20xmlns%3D%22http%3A%2F%2Fwww.w3.org%2F2000%2Fsvg%22%20width%3D%22660%22%20height%3D%22400%22%20viewBox%3D%220%200%20660%20400%22%3E%3C%2Fsvg%3E\" loading=\"eager\"><\/span><span class=\"fg-image-overlay\"><\/span><\/a><figcaption class=\"fg-caption\"><div class=\"fg-caption-inner\"><\/div><\/figcaption><\/figure><div class=\"fg-loader\"><\/div><\/div><div class=\"fg-item fg-type-image fg-idle\"><figure class=\"fg-item-inner\"><a href=\"https:\/\/baudecker.com\/wp\/wp-content\/uploads\/2025\/09\/44444444444.jpg\" data-attachment-id=\"1277\" data-type=\"image\" class=\"fg-thumb\"><span class=\"fg-image-wrap\"><img decoding=\"async\" width=\"660\" height=\"400\" class=\"skip-lazy fg-image\" data-src-fg=\"https:\/\/baudecker.com\/wp\/wp-content\/uploads\/cache\/2025\/09\/44444444444\/2707604960.jpg\" src=\"data:image\/svg+xml,%3Csvg%20xmlns%3D%22http%3A%2F%2Fwww.w3.org%2F2000%2Fsvg%22%20width%3D%22660%22%20height%3D%22400%22%20viewBox%3D%220%200%20660%20400%22%3E%3C%2Fsvg%3E\" loading=\"eager\"><\/span><span class=\"fg-image-overlay\"><\/span><\/a><figcaption class=\"fg-caption\"><div class=\"fg-caption-inner\"><\/div><\/figcaption><\/figure><div class=\"fg-loader\"><\/div><\/div><div class=\"fg-item fg-type-image fg-idle\"><figure class=\"fg-item-inner\"><a href=\"https:\/\/baudecker.com\/wp\/wp-content\/uploads\/2025\/09\/55555.jpg\" data-attachment-id=\"1272\" data-type=\"image\" class=\"fg-thumb\"><span class=\"fg-image-wrap\"><img decoding=\"async\" width=\"660\" height=\"400\" class=\"skip-lazy fg-image\" data-src-fg=\"https:\/\/baudecker.com\/wp\/wp-content\/uploads\/cache\/2025\/09\/55555\/437375212.jpg\" src=\"data:image\/svg+xml,%3Csvg%20xmlns%3D%22http%3A%2F%2Fwww.w3.org%2F2000%2Fsvg%22%20width%3D%22660%22%20height%3D%22400%22%20viewBox%3D%220%200%20660%20400%22%3E%3C%2Fsvg%3E\" loading=\"eager\"><\/span><span class=\"fg-image-overlay\"><\/span><\/a><figcaption class=\"fg-caption\"><div class=\"fg-caption-inner\"><\/div><\/figcaption><\/figure><div class=\"fg-loader\"><\/div><\/div>\t<\/div>\n\t<div class=\"fg-carousel-bottom\"><\/div>\n\t<div class=\"fg-carousel-progress\"><\/div>\n\t<button type=\"button\" class=\"fg-carousel-next\"><\/button>\n<\/div>\n\n\n<p><\/p>\n\n\n\n<p><\/p>\n\n\n\n<p style=\"padding-top:var(--wp--preset--spacing--x-small);padding-bottom:var(--wp--preset--spacing--x-small)\"><\/p>\n","protected":false},"excerpt":{"rendered":"<p>Zaginarka dekarska do blach 3140 mm \/ 0,8 mm Gi\u0119tarka zosta\u0142a wykonana z najwy\u017cszej jako\u015bci materia\u0142\u00f3w na obrabiarkach CNC. Ka\u017cda p\u0142aszczyzna, tj. belka dociskowa, belka sta\u0142a oraz belka gn\u0105ca s\u0105 obrabiane na frezarkach CNC. Warto nadmieni\u0107, i\u017c ca\u0142y proces obr\u00f3bki a tak\u017ce malowania wykonujemy osobi\u015bcie dzi\u0119ki czemu mamy ca\u0142kowit\u0105 kontrol\u0119 nad jako\u015bci\u0105 produktu ko\u0144cowego. Parametry [&hellip;]<\/p>\n","protected":false},"author":1,"featured_media":0,"parent":0,"menu_order":0,"comment_status":"closed","ping_status":"closed","template":"wp-custom-template-fffff","meta":{"footnotes":""},"class_list":["post-260","page","type-page","status-publish","hentry"],"_links":{"self":[{"href":"https:\/\/baudecker.com\/wp\/wp-json\/wp\/v2\/pages\/260","targetHints":{"allow":["GET"]}}],"collection":[{"href":"https:\/\/baudecker.com\/wp\/wp-json\/wp\/v2\/pages"}],"about":[{"href":"https:\/\/baudecker.com\/wp\/wp-json\/wp\/v2\/types\/page"}],"author":[{"embeddable":true,"href":"https:\/\/baudecker.com\/wp\/wp-json\/wp\/v2\/users\/1"}],"replies":[{"embeddable":true,"href":"https:\/\/baudecker.com\/wp\/wp-json\/wp\/v2\/comments?post=260"}],"version-history":[{"count":22,"href":"https:\/\/baudecker.com\/wp\/wp-json\/wp\/v2\/pages\/260\/revisions"}],"predecessor-version":[{"id":1278,"href":"https:\/\/baudecker.com\/wp\/wp-json\/wp\/v2\/pages\/260\/revisions\/1278"}],"wp:attachment":[{"href":"https:\/\/baudecker.com\/wp\/wp-json\/wp\/v2\/media?parent=260"}],"curies":[{"name":"wp","href":"https:\/\/api.w.org\/{rel}","templated":true}]}}