{"id":487,"date":"2025-03-17T18:44:05","date_gmt":"2025-03-17T18:44:05","guid":{"rendered":"https:\/\/baudecker.com\/wp\/?page_id=487"},"modified":"2025-03-29T16:49:58","modified_gmt":"2025-03-29T16:49:58","slug":"gietarka-do-blach-1280-mm-08-mm-sk","status":"publish","type":"page","link":"https:\/\/baudecker.com\/wp\/sk\/gietarka-do-blach-1280-mm-08-mm-sk\/","title":{"rendered":"Oh\u00fdba\u010dka plechu 1280 mm \/ 0,8 mm SK"},"content":{"rendered":"\n<p style=\"padding-top:var(--wp--preset--spacing--x-small);padding-bottom:var(--wp--preset--spacing--x-small)\"><\/p>\n\n\n\n<blockquote class=\"wp-block-quote is-layout-flow wp-block-quote-is-layout-flow\">\n<p class=\"has-large-font-size\" style=\"padding-top:0;padding-bottom:0\"><strong>Oh\u00fdba\u010dka plechu 1280 mm \/ 0,8 mm<\/strong><\/p>\n<\/blockquote>\n\n\n\n<p>Profesion\u00e1lny oh\u00fdba\u010dka segmentov pre oh\u00fdbanie plechu. Oh\u00fdba\u010dka bola vyroben\u00e1 z najkvalitnej\u0161\u00edch materi\u00e1lov na CNC strojoch.<br>V\u0161etky tri rady segmentov s\u00fa nastavite\u013en\u00e9! <br>Plech je mo\u017en\u00e9 ohn\u00fa\u0165 a\u017e o 170 stup\u0148ov!<br><\/p>\n\n\n\n<p><strong>Technick\u00e9 parametre:<\/strong><\/p>\n\n\n\n<p>&#8211; pracovn\u00e1 d\u013a\u017eka 1280mm,<br>&#8211; v\u00fd\u0161ka kame\u0148ov: hore &#8211; 60 mm, dole &#8211; 45 mm,<br>&#8211; maxim\u00e1lna hr\u00fabka oh\u00fdban\u00e9ho oce\u013eov\u00e9ho plechu je 0,8 mm,<br>&#8211; Maxim\u00e1lna hr\u00fabka: hlin\u00edk, me\u010f &#8211; 1,0 mm,<br>&#8211; oh\u00fdbanie plechu max. 0-170\u00b0,<br>&#8211; zdvih hornej li\u0161ty 85 mm,<br>&#8211; \u0161\u00edrka oh\u00fdbacej li\u0161ty 15 mm,<br>&#8211; segmenty: 6, 8, 10, 20 cm,<br>&#8211; pevn\u00e1 kon\u0161trukcia &#8211; v\u00e1ha 140 kg.<\/p>\n\n\n\n<p><\/p>\n\n\n\n<p style=\"padding-top:var(--wp--preset--spacing--xx-small);padding-bottom:var(--wp--preset--spacing--xx-small)\"><strong><strong>Gal\u00e9ria<\/strong><\/strong><\/p>\n\n\n<div class=\"foogallery foogallery-container foogallery-carousel foogallery-lightbox-foogallery fg-carousel fg-light fg-border-thin fg-shadow-outline fg-loading-default fg-loaded-fade-in fg-caption-hover fg-hover-fade fg-hover-zoom fg-ready\" id=\"foogallery-gallery-345\" data-foogallery=\"{&quot;item&quot;:{&quot;showCaptionTitle&quot;:true,&quot;showCaptionDescription&quot;:true},&quot;lazy&quot;:true,&quot;template&quot;:{&quot;maxItems&quot;:5,&quot;scale&quot;:0.12,&quot;gutter&quot;:{&quot;min&quot;:-40,&quot;max&quot;:-20,&quot;unit&quot;:&quot;%&quot;},&quot;autoplay&quot;:{&quot;time&quot;:0,&quot;interaction&quot;:&quot;pause&quot;},&quot;centerOnClick&quot;:true}}\" data-foogallery-lightbox=\"{&quot;thumbs&quot;:&quot;bottom&quot;,&quot;thumbsCaptions&quot;:false,&quot;thumbsBestFit&quot;:false,&quot;thumbsSmall&quot;:false,&quot;thumbsCaptionsAlign&quot;:&quot;default&quot;,&quot;info&quot;:&quot;bottom&quot;,&quot;infoVisible&quot;:true,&quot;infoOverlay&quot;:true,&quot;infoAlign&quot;:&quot;default&quot;,&quot;transition&quot;:&quot;fade&quot;,&quot;hoverButtons&quot;:false,&quot;fitMedia&quot;:false,&quot;noScrollbars&quot;:true,&quot;preserveButtonSpace&quot;:true,&quot;buttons&quot;:{&quot;fullscreen&quot;:true,&quot;info&quot;:true,&quot;thumbs&quot;:false},&quot;video&quot;:{&quot;autoPlay&quot;:true}}\" >\n\t<button type=\"button\" class=\"fg-carousel-prev\"><\/button>\n\t<div class=\"fg-carousel-inner\">\n\t\t<div class=\"fg-carousel-center\"><\/div>\n\t\t<div class=\"fg-item fg-type-image fg-idle\"><figure class=\"fg-item-inner\"><a href=\"https:\/\/baudecker.com\/wp\/wp-content\/uploads\/2025\/03\/gietarka-do-blach-segmentowa-1260mm-08mm33.jpg\" data-attachment-id=\"344\" data-type=\"image\" class=\"fg-thumb\"><span class=\"fg-image-wrap\"><img fetchpriority=\"high\" decoding=\"async\" width=\"660\" height=\"400\" class=\"skip-lazy fg-image\" data-src-fg=\"https:\/\/baudecker.com\/wp\/wp-content\/uploads\/cache\/2025\/03\/gietarka-do-blach-segmentowa-1260mm-08mm33\/3062393771.jpg\" src=\"data:image\/svg+xml,%3Csvg%20xmlns%3D%22http%3A%2F%2Fwww.w3.org%2F2000%2Fsvg%22%20width%3D%22660%22%20height%3D%22400%22%20viewBox%3D%220%200%20660%20400%22%3E%3C%2Fsvg%3E\" loading=\"eager\"><\/span><span class=\"fg-image-overlay\"><\/span><\/a><figcaption class=\"fg-caption\"><div class=\"fg-caption-inner\"><\/div><\/figcaption><\/figure><div class=\"fg-loader\"><\/div><\/div><div class=\"fg-item fg-type-image fg-idle\"><figure class=\"fg-item-inner\"><a href=\"https:\/\/baudecker.com\/wp\/wp-content\/uploads\/2025\/03\/gietarka-do-blach-segmentowa-1260mm-082mm33.jpg\" data-attachment-id=\"343\" data-type=\"image\" class=\"fg-thumb\"><span class=\"fg-image-wrap\"><img decoding=\"async\" width=\"660\" height=\"400\" class=\"skip-lazy fg-image\" data-src-fg=\"https:\/\/baudecker.com\/wp\/wp-content\/uploads\/cache\/2025\/03\/gietarka-do-blach-segmentowa-1260mm-082mm33\/4286625903.jpg\" src=\"data:image\/svg+xml,%3Csvg%20xmlns%3D%22http%3A%2F%2Fwww.w3.org%2F2000%2Fsvg%22%20width%3D%22660%22%20height%3D%22400%22%20viewBox%3D%220%200%20660%20400%22%3E%3C%2Fsvg%3E\" loading=\"eager\"><\/span><span class=\"fg-image-overlay\"><\/span><\/a><figcaption class=\"fg-caption\"><div class=\"fg-caption-inner\"><\/div><\/figcaption><\/figure><div class=\"fg-loader\"><\/div><\/div><div class=\"fg-item fg-type-image fg-idle\"><figure class=\"fg-item-inner\"><a href=\"https:\/\/baudecker.com\/wp\/wp-content\/uploads\/2025\/03\/gietarka-do-blach-segme332424ntowa-1260mm-08mm.jpg\" data-attachment-id=\"342\" data-type=\"image\" class=\"fg-thumb\"><span class=\"fg-image-wrap\"><img decoding=\"async\" width=\"660\" height=\"400\" class=\"skip-lazy fg-image\" data-src-fg=\"https:\/\/baudecker.com\/wp\/wp-content\/uploads\/cache\/2025\/03\/gietarka-do-blach-segme332424ntowa-1260mm-08mm\/3233489525.jpg\" src=\"data:image\/svg+xml,%3Csvg%20xmlns%3D%22http%3A%2F%2Fwww.w3.org%2F2000%2Fsvg%22%20width%3D%22660%22%20height%3D%22400%22%20viewBox%3D%220%200%20660%20400%22%3E%3C%2Fsvg%3E\" loading=\"eager\"><\/span><span class=\"fg-image-overlay\"><\/span><\/a><figcaption class=\"fg-caption\"><div class=\"fg-caption-inner\"><\/div><\/figcaption><\/figure><div class=\"fg-loader\"><\/div><\/div><div class=\"fg-item fg-type-image fg-idle\"><figure class=\"fg-item-inner\"><a href=\"https:\/\/baudecker.com\/wp\/wp-content\/uploads\/2025\/03\/gietarka-do-blach-segmentowa-1260mm-08mm22.jpg\" data-attachment-id=\"341\" data-type=\"image\" class=\"fg-thumb\"><span class=\"fg-image-wrap\"><img decoding=\"async\" width=\"660\" height=\"400\" class=\"skip-lazy fg-image\" data-src-fg=\"https:\/\/baudecker.com\/wp\/wp-content\/uploads\/cache\/2025\/03\/gietarka-do-blach-segmentowa-1260mm-08mm22\/2930231907.jpg\" src=\"data:image\/svg+xml,%3Csvg%20xmlns%3D%22http%3A%2F%2Fwww.w3.org%2F2000%2Fsvg%22%20width%3D%22660%22%20height%3D%22400%22%20viewBox%3D%220%200%20660%20400%22%3E%3C%2Fsvg%3E\" loading=\"eager\"><\/span><span class=\"fg-image-overlay\"><\/span><\/a><figcaption class=\"fg-caption\"><div class=\"fg-caption-inner\"><\/div><\/figcaption><\/figure><div class=\"fg-loader\"><\/div><\/div><div class=\"fg-item fg-type-image fg-idle\"><figure class=\"fg-item-inner\"><a href=\"https:\/\/baudecker.com\/wp\/wp-content\/uploads\/2025\/03\/gietarka-do-blach-segmentowa-1260mm-08mmv.jpg\" data-attachment-id=\"340\" data-type=\"image\" class=\"fg-thumb\"><span class=\"fg-image-wrap\"><img decoding=\"async\" width=\"660\" height=\"400\" class=\"skip-lazy fg-image\" data-src-fg=\"https:\/\/baudecker.com\/wp\/wp-content\/uploads\/cache\/2025\/03\/gietarka-do-blach-segmentowa-1260mm-08mmv\/1663972712.jpg\" src=\"data:image\/svg+xml,%3Csvg%20xmlns%3D%22http%3A%2F%2Fwww.w3.org%2F2000%2Fsvg%22%20width%3D%22660%22%20height%3D%22400%22%20viewBox%3D%220%200%20660%20400%22%3E%3C%2Fsvg%3E\" loading=\"eager\"><\/span><span class=\"fg-image-overlay\"><\/span><\/a><figcaption class=\"fg-caption\"><div class=\"fg-caption-inner\"><\/div><\/figcaption><\/figure><div class=\"fg-loader\"><\/div><\/div><div class=\"fg-item fg-type-image fg-idle\"><figure class=\"fg-item-inner\"><a href=\"https:\/\/baudecker.com\/wp\/wp-content\/uploads\/2025\/03\/gietarka-do-blach-segmentowa-1260mm-08mm.jpg\" data-attachment-id=\"339\" data-type=\"image\" class=\"fg-thumb\"><span class=\"fg-image-wrap\"><img decoding=\"async\" width=\"660\" height=\"400\" class=\"skip-lazy fg-image\" data-src-fg=\"https:\/\/baudecker.com\/wp\/wp-content\/uploads\/cache\/2025\/03\/gietarka-do-blach-segmentowa-1260mm-08mm\/2971680128.jpg\" src=\"data:image\/svg+xml,%3Csvg%20xmlns%3D%22http%3A%2F%2Fwww.w3.org%2F2000%2Fsvg%22%20width%3D%22660%22%20height%3D%22400%22%20viewBox%3D%220%200%20660%20400%22%3E%3C%2Fsvg%3E\" loading=\"eager\"><\/span><span class=\"fg-image-overlay\"><\/span><\/a><figcaption class=\"fg-caption\"><div class=\"fg-caption-inner\"><\/div><\/figcaption><\/figure><div class=\"fg-loader\"><\/div><\/div>\t<\/div>\n\t<div class=\"fg-carousel-bottom\"><\/div>\n\t<div class=\"fg-carousel-progress\"><\/div>\n\t<button type=\"button\" class=\"fg-carousel-next\"><\/button>\n<\/div>\n\n\n<p><strong><strong>Video prezent\u00e1cia<\/strong><\/strong><\/p>\n\n\n\n<figure class=\"wp-block-video alignleft\"><video height=\"242\" style=\"aspect-ratio: 426 \/ 242;\" width=\"426\" controls src=\"https:\/\/baudecker.com\/wp\/wp-content\/uploads\/2025\/03\/segmentowa-1.mp4\"><\/video><figcaption class=\"wp-element-caption\">   <br>    <\/figcaption><\/figure>\n\n\n\n<p style=\"padding-top:var(--wp--preset--spacing--x-small);padding-bottom:var(--wp--preset--spacing--x-small)\"><\/p>\n","protected":false},"excerpt":{"rendered":"<p>Oh\u00fdba\u010dka plechu 1280 mm \/ 0,8 mm Profesion\u00e1lny oh\u00fdba\u010dka segmentov pre oh\u00fdbanie plechu. Oh\u00fdba\u010dka bola vyroben\u00e1 z najkvalitnej\u0161\u00edch materi\u00e1lov na CNC strojoch.V\u0161etky tri rady segmentov s\u00fa nastavite\u013en\u00e9! Plech je mo\u017en\u00e9 ohn\u00fa\u0165 a\u017e o 170 stup\u0148ov! Technick\u00e9 parametre: &#8211; pracovn\u00e1 d\u013a\u017eka 1280mm,&#8211; v\u00fd\u0161ka kame\u0148ov: hore &#8211; 60 mm, dole &#8211; 45 mm,&#8211; maxim\u00e1lna hr\u00fabka oh\u00fdban\u00e9ho oce\u013eov\u00e9ho [&hellip;]<\/p>\n","protected":false},"author":1,"featured_media":0,"parent":0,"menu_order":0,"comment_status":"closed","ping_status":"closed","template":"wp-custom-template-343434","meta":{"footnotes":""},"class_list":["post-487","page","type-page","status-publish","hentry"],"_links":{"self":[{"href":"https:\/\/baudecker.com\/wp\/wp-json\/wp\/v2\/pages\/487","targetHints":{"allow":["GET"]}}],"collection":[{"href":"https:\/\/baudecker.com\/wp\/wp-json\/wp\/v2\/pages"}],"about":[{"href":"https:\/\/baudecker.com\/wp\/wp-json\/wp\/v2\/types\/page"}],"author":[{"embeddable":true,"href":"https:\/\/baudecker.com\/wp\/wp-json\/wp\/v2\/users\/1"}],"replies":[{"embeddable":true,"href":"https:\/\/baudecker.com\/wp\/wp-json\/wp\/v2\/comments?post=487"}],"version-history":[{"count":13,"href":"https:\/\/baudecker.com\/wp\/wp-json\/wp\/v2\/pages\/487\/revisions"}],"predecessor-version":[{"id":1182,"href":"https:\/\/baudecker.com\/wp\/wp-json\/wp\/v2\/pages\/487\/revisions\/1182"}],"wp:attachment":[{"href":"https:\/\/baudecker.com\/wp\/wp-json\/wp\/v2\/media?parent=487"}],"curies":[{"name":"wp","href":"https:\/\/api.w.org\/{rel}","templated":true}]}}