{"id":532,"date":"2025-03-18T19:03:00","date_gmt":"2025-03-18T19:03:00","guid":{"rendered":"https:\/\/baudecker.com\/wp\/?page_id=532"},"modified":"2025-03-29T16:53:17","modified_gmt":"2025-03-29T16:53:17","slug":"zaginarka-do-blach-segmentowa-700-mm-10-mm","status":"publish","type":"page","link":"https:\/\/baudecker.com\/wp\/hu\/zaginarka-do-blach-segmentowa-700-mm-10-mm\/","title":{"rendered":"B\u00e1dogos \u00e9lhajl\u00edt\u00f3 700 mm \/ 1,0 mm HU"},"content":{"rendered":"\n<p style=\"padding-top:var(--wp--preset--spacing--x-small);padding-bottom:var(--wp--preset--spacing--x-small)\"><\/p>\n\n\n\n<blockquote class=\"wp-block-quote has-large-font-size is-layout-flow wp-block-quote-is-layout-flow\">\n<p><strong>B\u00e1dogos \u00e9lhajl\u00edt\u00f3 700 mm \/ 1,0 mm<\/strong><\/p>\n<\/blockquote>\n\n\n\n<p>Professzion\u00e1lis szegment\u00e1lt hajl\u00edt\u00f3g\u00e9p f\u00e9mlemez hajl\u00edt\u00e1s\u00e1hoz. Hajl\u00edt\u00f3g\u00e9peinket kompakt kialak\u00edt\u00e1s, k\u00f6nny\u0171 kezelhet\u0151s\u00e9g, valamint biztons\u00e1gos \u00e9s hibamentes m\u0171k\u00f6d\u00e9s jellemzi. Alkalmaz\u00e1suk sz\u00e9les sk\u00e1l\u00e1ja van.<br><\/p>\n\n\n\n<p><strong>M\u0171szaki adatok:<\/strong><br>&#8211; munkahossz 700 mm,<br>&#8211; k\u0151magass\u00e1g: fel\u00fcl &#8211; 60 mm, alul 45 mm,<br>&#8211; a hajl\u00edtott ac\u00e9llemez maxim\u00e1lis vastags\u00e1ga 1, 0 mm,<br>&#8211; lemezhajl\u00edt\u00e1s max. 0-170 \u00b0,<br>&#8211; a fels\u0151 r\u00fad l\u00f6kethossza 85 mm,<br>&#8211; hajl\u00edt\u00f3r\u00fad sz\u00e9less\u00e9ge 15 mm,<br>&#8211; massz\u00edv fel\u00e9p\u00edt\u00e9s &#8211; t\u00f6meg 100 kg.<\/p>\n\n\n\n<p style=\"padding-top:var(--wp--preset--spacing--xx-small);padding-bottom:var(--wp--preset--spacing--xx-small)\"><strong><strong><strong>Gal\u00e9ria<\/strong><\/strong><\/strong><\/p>\n\n\n<div class=\"foogallery foogallery-container foogallery-carousel foogallery-lightbox-foogallery fg-carousel fg-light fg-border-thin fg-shadow-outline fg-loading-default fg-loaded-fade-in fg-caption-hover fg-hover-fade fg-hover-zoom fg-ready\" id=\"foogallery-gallery-320\" data-foogallery=\"{&quot;item&quot;:{&quot;showCaptionTitle&quot;:true,&quot;showCaptionDescription&quot;:true},&quot;lazy&quot;:true,&quot;template&quot;:{&quot;maxItems&quot;:5,&quot;scale&quot;:0.12,&quot;gutter&quot;:{&quot;min&quot;:-40,&quot;max&quot;:-20,&quot;unit&quot;:&quot;%&quot;},&quot;autoplay&quot;:{&quot;time&quot;:0,&quot;interaction&quot;:&quot;pause&quot;},&quot;centerOnClick&quot;:true}}\" data-foogallery-lightbox=\"{&quot;thumbs&quot;:&quot;bottom&quot;,&quot;thumbsCaptions&quot;:false,&quot;thumbsBestFit&quot;:false,&quot;thumbsSmall&quot;:false,&quot;thumbsCaptionsAlign&quot;:&quot;default&quot;,&quot;info&quot;:&quot;bottom&quot;,&quot;infoVisible&quot;:true,&quot;infoOverlay&quot;:true,&quot;infoAlign&quot;:&quot;default&quot;,&quot;transition&quot;:&quot;fade&quot;,&quot;hoverButtons&quot;:false,&quot;fitMedia&quot;:false,&quot;noScrollbars&quot;:true,&quot;preserveButtonSpace&quot;:true,&quot;buttons&quot;:{&quot;fullscreen&quot;:true,&quot;info&quot;:true,&quot;thumbs&quot;:false},&quot;video&quot;:{&quot;autoPlay&quot;:true}}\" >\n\t<button type=\"button\" class=\"fg-carousel-prev\"><\/button>\n\t<div class=\"fg-carousel-inner\">\n\t\t<div class=\"fg-carousel-center\"><\/div>\n\t\t<div class=\"fg-item fg-type-image fg-idle\"><figure class=\"fg-item-inner\"><a href=\"https:\/\/baudecker.com\/wp\/wp-content\/uploads\/2025\/03\/zaginarka-do-blach-segmentowa-700mm-10mm5.jpg\" data-attachment-id=\"321\" data-type=\"image\" class=\"fg-thumb\"><span class=\"fg-image-wrap\"><img fetchpriority=\"high\" decoding=\"async\" width=\"660\" height=\"400\" class=\"skip-lazy fg-image\" data-src-fg=\"https:\/\/baudecker.com\/wp\/wp-content\/uploads\/cache\/2025\/03\/zaginarka-do-blach-segmentowa-700mm-10mm5\/1767552446.jpg\" src=\"data:image\/svg+xml,%3Csvg%20xmlns%3D%22http%3A%2F%2Fwww.w3.org%2F2000%2Fsvg%22%20width%3D%22660%22%20height%3D%22400%22%20viewBox%3D%220%200%20660%20400%22%3E%3C%2Fsvg%3E\" loading=\"eager\"><\/span><span class=\"fg-image-overlay\"><\/span><\/a><figcaption class=\"fg-caption\"><div class=\"fg-caption-inner\"><\/div><\/figcaption><\/figure><div class=\"fg-loader\"><\/div><\/div><div class=\"fg-item fg-type-image fg-idle\"><figure class=\"fg-item-inner\"><a href=\"https:\/\/baudecker.com\/wp\/wp-content\/uploads\/2025\/03\/zaginarka-do-blach-segmentowa-700mm-10mm.jpg\" data-attachment-id=\"325\" data-type=\"image\" class=\"fg-thumb\"><span class=\"fg-image-wrap\"><img decoding=\"async\" width=\"660\" height=\"400\" class=\"skip-lazy fg-image\" data-src-fg=\"https:\/\/baudecker.com\/wp\/wp-content\/uploads\/cache\/2025\/03\/zaginarka-do-blach-segmentowa-700mm-10mm\/3695748259.jpg\" src=\"data:image\/svg+xml,%3Csvg%20xmlns%3D%22http%3A%2F%2Fwww.w3.org%2F2000%2Fsvg%22%20width%3D%22660%22%20height%3D%22400%22%20viewBox%3D%220%200%20660%20400%22%3E%3C%2Fsvg%3E\" loading=\"eager\"><\/span><span class=\"fg-image-overlay\"><\/span><\/a><figcaption class=\"fg-caption\"><div class=\"fg-caption-inner\"><\/div><\/figcaption><\/figure><div class=\"fg-loader\"><\/div><\/div><div class=\"fg-item fg-type-image fg-idle\"><figure class=\"fg-item-inner\"><a href=\"https:\/\/baudecker.com\/wp\/wp-content\/uploads\/2025\/03\/zaginarka-do-blach-segmentowa-700mm-10mm2.jpg\" data-attachment-id=\"324\" data-type=\"image\" class=\"fg-thumb\"><span class=\"fg-image-wrap\"><img decoding=\"async\" width=\"660\" height=\"400\" class=\"skip-lazy fg-image\" data-src-fg=\"https:\/\/baudecker.com\/wp\/wp-content\/uploads\/cache\/2025\/03\/zaginarka-do-blach-segmentowa-700mm-10mm2\/3255534271.jpg\" src=\"data:image\/svg+xml,%3Csvg%20xmlns%3D%22http%3A%2F%2Fwww.w3.org%2F2000%2Fsvg%22%20width%3D%22660%22%20height%3D%22400%22%20viewBox%3D%220%200%20660%20400%22%3E%3C%2Fsvg%3E\" loading=\"eager\"><\/span><span class=\"fg-image-overlay\"><\/span><\/a><figcaption class=\"fg-caption\"><div class=\"fg-caption-inner\"><\/div><\/figcaption><\/figure><div class=\"fg-loader\"><\/div><\/div><div class=\"fg-item fg-type-image fg-idle\"><figure class=\"fg-item-inner\"><a href=\"https:\/\/baudecker.com\/wp\/wp-content\/uploads\/2025\/03\/zaginarka-do-blach-segmentowa-700mm-10mm3.jpg\" data-attachment-id=\"323\" data-type=\"image\" class=\"fg-thumb\"><span class=\"fg-image-wrap\"><img decoding=\"async\" width=\"660\" height=\"400\" class=\"skip-lazy fg-image\" data-src-fg=\"https:\/\/baudecker.com\/wp\/wp-content\/uploads\/cache\/2025\/03\/zaginarka-do-blach-segmentowa-700mm-10mm3\/3260728424.jpg\" src=\"data:image\/svg+xml,%3Csvg%20xmlns%3D%22http%3A%2F%2Fwww.w3.org%2F2000%2Fsvg%22%20width%3D%22660%22%20height%3D%22400%22%20viewBox%3D%220%200%20660%20400%22%3E%3C%2Fsvg%3E\" loading=\"eager\"><\/span><span class=\"fg-image-overlay\"><\/span><\/a><figcaption class=\"fg-caption\"><div class=\"fg-caption-inner\"><\/div><\/figcaption><\/figure><div class=\"fg-loader\"><\/div><\/div><div class=\"fg-item fg-type-image fg-idle\"><figure class=\"fg-item-inner\"><a href=\"https:\/\/baudecker.com\/wp\/wp-content\/uploads\/2025\/03\/zaginarka-do-blach-segmentowa-700mm-10mm4.jpg\" data-attachment-id=\"322\" data-type=\"image\" class=\"fg-thumb\"><span class=\"fg-image-wrap\"><img decoding=\"async\" width=\"660\" height=\"400\" class=\"skip-lazy fg-image\" data-src-fg=\"https:\/\/baudecker.com\/wp\/wp-content\/uploads\/cache\/2025\/03\/zaginarka-do-blach-segmentowa-700mm-10mm4\/3889652146.jpg\" src=\"data:image\/svg+xml,%3Csvg%20xmlns%3D%22http%3A%2F%2Fwww.w3.org%2F2000%2Fsvg%22%20width%3D%22660%22%20height%3D%22400%22%20viewBox%3D%220%200%20660%20400%22%3E%3C%2Fsvg%3E\" loading=\"eager\"><\/span><span class=\"fg-image-overlay\"><\/span><\/a><figcaption class=\"fg-caption\"><div class=\"fg-caption-inner\"><\/div><\/figcaption><\/figure><div class=\"fg-loader\"><\/div><\/div>\t<\/div>\n\t<div class=\"fg-carousel-bottom\"><\/div>\n\t<div class=\"fg-carousel-progress\"><\/div>\n\t<button type=\"button\" class=\"fg-carousel-next\"><\/button>\n<\/div>\n\n\n<p><strong>Vide\u00f3 bemutat\u00f3<\/strong><\/p>\n\n\n\n<figure class=\"wp-block-video alignleft\"><video height=\"242\" style=\"aspect-ratio: 426 \/ 242;\" width=\"426\" controls src=\"https:\/\/baudecker.com\/wp\/wp-content\/uploads\/2025\/03\/segmentowa-1.mp4\"><\/video><figcaption class=\"wp-element-caption\"> <br>   <\/figcaption><\/figure>\n\n\n\n<p style=\"padding-top:var(--wp--preset--spacing--x-small);padding-bottom:var(--wp--preset--spacing--x-small)\"><\/p>\n\n\n\n<p><\/p>\n","protected":false},"excerpt":{"rendered":"<p>B\u00e1dogos \u00e9lhajl\u00edt\u00f3 700 mm \/ 1,0 mm Professzion\u00e1lis szegment\u00e1lt hajl\u00edt\u00f3g\u00e9p f\u00e9mlemez hajl\u00edt\u00e1s\u00e1hoz. Hajl\u00edt\u00f3g\u00e9peinket kompakt kialak\u00edt\u00e1s, k\u00f6nny\u0171 kezelhet\u0151s\u00e9g, valamint biztons\u00e1gos \u00e9s hibamentes m\u0171k\u00f6d\u00e9s jellemzi. Alkalmaz\u00e1suk sz\u00e9les sk\u00e1l\u00e1ja van. M\u0171szaki adatok:&#8211; munkahossz 700 mm,&#8211; k\u0151magass\u00e1g: fel\u00fcl &#8211; 60 mm, alul 45 mm,&#8211; a hajl\u00edtott ac\u00e9llemez maxim\u00e1lis vastags\u00e1ga 1, 0 mm,&#8211; lemezhajl\u00edt\u00e1s max. 0-170 \u00b0,&#8211; a fels\u0151 r\u00fad [&hellip;]<\/p>\n","protected":false},"author":1,"featured_media":0,"parent":0,"menu_order":0,"comment_status":"closed","ping_status":"closed","template":"wp-custom-template-343434","meta":{"footnotes":""},"class_list":["post-532","page","type-page","status-publish","hentry"],"_links":{"self":[{"href":"https:\/\/baudecker.com\/wp\/wp-json\/wp\/v2\/pages\/532","targetHints":{"allow":["GET"]}}],"collection":[{"href":"https:\/\/baudecker.com\/wp\/wp-json\/wp\/v2\/pages"}],"about":[{"href":"https:\/\/baudecker.com\/wp\/wp-json\/wp\/v2\/types\/page"}],"author":[{"embeddable":true,"href":"https:\/\/baudecker.com\/wp\/wp-json\/wp\/v2\/users\/1"}],"replies":[{"embeddable":true,"href":"https:\/\/baudecker.com\/wp\/wp-json\/wp\/v2\/comments?post=532"}],"version-history":[{"count":9,"href":"https:\/\/baudecker.com\/wp\/wp-json\/wp\/v2\/pages\/532\/revisions"}],"predecessor-version":[{"id":1207,"href":"https:\/\/baudecker.com\/wp\/wp-json\/wp\/v2\/pages\/532\/revisions\/1207"}],"wp:attachment":[{"href":"https:\/\/baudecker.com\/wp\/wp-json\/wp\/v2\/media?parent=532"}],"curies":[{"name":"wp","href":"https:\/\/api.w.org\/{rel}","templated":true}]}}