{"id":669,"date":"2025-03-20T18:00:47","date_gmt":"2025-03-20T18:00:47","guid":{"rendered":"https:\/\/baudecker.com\/wp\/?page_id=669"},"modified":"2025-03-29T16:53:01","modified_gmt":"2025-03-29T16:53:01","slug":"gietarka-do-blachy-warsztatowa-1250-mm-10-mm-hu","status":"publish","type":"page","link":"https:\/\/baudecker.com\/wp\/hu\/gietarka-do-blachy-warsztatowa-1250-mm-10-mm-hu\/","title":{"rendered":"B\u00e1dogos \u00e9lhajl\u00edt\u00f3 1250 mm \/ 1,0 mm HU"},"content":{"rendered":"\n<p style=\"padding-top:var(--wp--preset--spacing--x-small);padding-bottom:var(--wp--preset--spacing--x-small)\"><\/p>\n\n\n\n<blockquote class=\"wp-block-quote has-large-font-size is-layout-flow wp-block-quote-is-layout-flow\">\n<p><strong>B\u00e1dogos \u00e9lhajl\u00edt\u00f3 1250 mm \/ 1,0 mm<\/strong><\/p>\n<\/blockquote>\n\n\n\n<p>Tov\u00e1bbfejlesztett \u00e9lhajl\u00edt\u00f3 meger\u0151s\u00edtett hajl\u00edt\u00f3 pof\u00e1kkal, ak\u00e1r 140 fokos hajl\u00edt\u00e1si sz\u00f6g!<br>T\u00f6k\u00e9letes v\u00e1laszt\u00e1s szakembereknek \u00e9s bark\u00e1csol\u00f3knak egyar\u00e1nt.<br>Alkalmazhat\u00f3 \u00e9p\u00edtkez\u00e9sen ,aut\u00f3szervizben, modellez\u0151 munk\u00e1latokn\u00e1l,ak\u00e1r hirdet\u0151t\u00e1bla gy\u00e1rt\u00e1sn\u00e1l.<\/p>\n\n\n\n<p><strong>Az \u00e9lhajl\u00edt\u00f3 felfogat\u00e1sa k\u00e9tf\u00e9le m\u00f3don t\u00f6rt\u00e9nhet:<\/strong><br>&#8211; Satuban<br>&#8211; Satupad munkalapj\u00e1ra r\u00f6gz\u00edt\u00e9si pontok seg\u00edts\u00e9g\u00e9vel<br><\/p>\n\n\n\n<p><strong>M\u0171szaki adatok:<\/strong><br>&#8211; teljes munkahossz 1250 mm,<br>&#8211; maxim\u00e1lis megmunk\u00e1lhat\u00f3 ac\u00e9llemez vastags\u00e1g 1,0 mm,<br>&#8211; a hajl\u00edt\u00f3 prizm\u00e1k k\u00f6zti t\u00e1vols\u00e1g: 40 mm,<br>&#8211; s\u00falya &#8211; 30 kg.<\/p>\n\n\n\n<p style=\"padding-top:var(--wp--preset--spacing--x-small);padding-bottom:var(--wp--preset--spacing--x-small)\"><strong><strong>Gal\u00e9ria<\/strong><\/strong><\/p>\n\n\n<div class=\"foogallery foogallery-container foogallery-carousel foogallery-lightbox-foogallery fg-carousel fg-light fg-border-thin fg-shadow-outline fg-loading-default fg-loaded-fade-in fg-caption-hover fg-hover-fade fg-hover-zoom fg-ready\" id=\"foogallery-gallery-451\" data-foogallery=\"{&quot;item&quot;:{&quot;showCaptionTitle&quot;:true,&quot;showCaptionDescription&quot;:true},&quot;lazy&quot;:true,&quot;template&quot;:{&quot;maxItems&quot;:5,&quot;scale&quot;:0.12,&quot;gutter&quot;:{&quot;min&quot;:-40,&quot;max&quot;:-20,&quot;unit&quot;:&quot;%&quot;},&quot;autoplay&quot;:{&quot;time&quot;:0,&quot;interaction&quot;:&quot;pause&quot;},&quot;centerOnClick&quot;:true}}\" data-foogallery-lightbox=\"{&quot;thumbs&quot;:&quot;bottom&quot;,&quot;thumbsCaptions&quot;:false,&quot;thumbsBestFit&quot;:false,&quot;thumbsSmall&quot;:false,&quot;thumbsCaptionsAlign&quot;:&quot;default&quot;,&quot;info&quot;:&quot;bottom&quot;,&quot;infoVisible&quot;:true,&quot;infoOverlay&quot;:true,&quot;infoAlign&quot;:&quot;default&quot;,&quot;transition&quot;:&quot;fade&quot;,&quot;hoverButtons&quot;:false,&quot;fitMedia&quot;:false,&quot;noScrollbars&quot;:true,&quot;preserveButtonSpace&quot;:true,&quot;buttons&quot;:{&quot;fullscreen&quot;:true,&quot;info&quot;:true,&quot;thumbs&quot;:false},&quot;video&quot;:{&quot;autoPlay&quot;:true}}\" >\n\t<button type=\"button\" class=\"fg-carousel-prev\"><\/button>\n\t<div class=\"fg-carousel-inner\">\n\t\t<div class=\"fg-carousel-center\"><\/div>\n\t\t<div class=\"fg-item fg-type-image fg-idle\"><figure class=\"fg-item-inner\"><a href=\"https:\/\/baudecker.com\/wp\/wp-content\/uploads\/2025\/03\/1111.jpg\" data-attachment-id=\"446\" data-type=\"image\" class=\"fg-thumb\"><span class=\"fg-image-wrap\"><img fetchpriority=\"high\" decoding=\"async\" width=\"660\" height=\"400\" class=\"skip-lazy fg-image\" data-src-fg=\"https:\/\/baudecker.com\/wp\/wp-content\/uploads\/cache\/2025\/03\/1111\/1682764834.jpg\" src=\"data:image\/svg+xml,%3Csvg%20xmlns%3D%22http%3A%2F%2Fwww.w3.org%2F2000%2Fsvg%22%20width%3D%22660%22%20height%3D%22400%22%20viewBox%3D%220%200%20660%20400%22%3E%3C%2Fsvg%3E\" loading=\"eager\"><\/span><span class=\"fg-image-overlay\"><\/span><\/a><figcaption class=\"fg-caption\"><div class=\"fg-caption-inner\"><\/div><\/figcaption><\/figure><div class=\"fg-loader\"><\/div><\/div><div class=\"fg-item fg-type-image fg-idle\"><figure class=\"fg-item-inner\"><a href=\"https:\/\/baudecker.com\/wp\/wp-content\/uploads\/2025\/03\/66666666.jpg\" data-attachment-id=\"449\" data-type=\"image\" class=\"fg-thumb\"><span class=\"fg-image-wrap\"><img decoding=\"async\" width=\"660\" height=\"400\" class=\"skip-lazy fg-image\" data-src-fg=\"https:\/\/baudecker.com\/wp\/wp-content\/uploads\/cache\/2025\/03\/66666666\/1966725253.jpg\" src=\"data:image\/svg+xml,%3Csvg%20xmlns%3D%22http%3A%2F%2Fwww.w3.org%2F2000%2Fsvg%22%20width%3D%22660%22%20height%3D%22400%22%20viewBox%3D%220%200%20660%20400%22%3E%3C%2Fsvg%3E\" loading=\"eager\"><\/span><span class=\"fg-image-overlay\"><\/span><\/a><figcaption class=\"fg-caption\"><div class=\"fg-caption-inner\"><\/div><\/figcaption><\/figure><div class=\"fg-loader\"><\/div><\/div><div class=\"fg-item fg-type-image fg-idle\"><figure class=\"fg-item-inner\"><a href=\"https:\/\/baudecker.com\/wp\/wp-content\/uploads\/2025\/03\/galeria-deka1b-2.jpg\" data-attachment-id=\"444\" data-type=\"image\" class=\"fg-thumb\"><span class=\"fg-image-wrap\"><img decoding=\"async\" width=\"660\" height=\"400\" class=\"skip-lazy fg-image\" data-src-fg=\"https:\/\/baudecker.com\/wp\/wp-content\/uploads\/cache\/2025\/03\/galeria-deka1b-2\/424198619.jpg\" src=\"data:image\/svg+xml,%3Csvg%20xmlns%3D%22http%3A%2F%2Fwww.w3.org%2F2000%2Fsvg%22%20width%3D%22660%22%20height%3D%22400%22%20viewBox%3D%220%200%20660%20400%22%3E%3C%2Fsvg%3E\" loading=\"eager\"><\/span><span class=\"fg-image-overlay\"><\/span><\/a><figcaption class=\"fg-caption\"><div class=\"fg-caption-inner\"><\/div><\/figcaption><\/figure><div class=\"fg-loader\"><\/div><\/div><div class=\"fg-item fg-type-image fg-idle\"><figure class=\"fg-item-inner\"><a href=\"https:\/\/baudecker.com\/wp\/wp-content\/uploads\/2025\/03\/3333333333.jpg\" data-attachment-id=\"448\" data-type=\"image\" class=\"fg-thumb\"><span class=\"fg-image-wrap\"><img decoding=\"async\" width=\"660\" height=\"400\" class=\"skip-lazy fg-image\" data-src-fg=\"https:\/\/baudecker.com\/wp\/wp-content\/uploads\/cache\/2025\/03\/3333333333\/1818401690.jpg\" src=\"data:image\/svg+xml,%3Csvg%20xmlns%3D%22http%3A%2F%2Fwww.w3.org%2F2000%2Fsvg%22%20width%3D%22660%22%20height%3D%22400%22%20viewBox%3D%220%200%20660%20400%22%3E%3C%2Fsvg%3E\" loading=\"eager\"><\/span><span class=\"fg-image-overlay\"><\/span><\/a><figcaption class=\"fg-caption\"><div class=\"fg-caption-inner\"><\/div><\/figcaption><\/figure><div class=\"fg-loader\"><\/div><\/div><div class=\"fg-item fg-type-image fg-idle\"><figure class=\"fg-item-inner\"><a href=\"https:\/\/baudecker.com\/wp\/wp-content\/uploads\/2025\/03\/22222.jpg\" data-attachment-id=\"447\" data-type=\"image\" class=\"fg-thumb\"><span class=\"fg-image-wrap\"><img decoding=\"async\" width=\"660\" height=\"400\" class=\"skip-lazy fg-image\" data-src-fg=\"https:\/\/baudecker.com\/wp\/wp-content\/uploads\/cache\/2025\/03\/22222\/628442773.jpg\" src=\"data:image\/svg+xml,%3Csvg%20xmlns%3D%22http%3A%2F%2Fwww.w3.org%2F2000%2Fsvg%22%20width%3D%22660%22%20height%3D%22400%22%20viewBox%3D%220%200%20660%20400%22%3E%3C%2Fsvg%3E\" loading=\"eager\"><\/span><span class=\"fg-image-overlay\"><\/span><\/a><figcaption class=\"fg-caption\"><div class=\"fg-caption-inner\"><\/div><\/figcaption><\/figure><div class=\"fg-loader\"><\/div><\/div><div class=\"fg-item fg-type-image fg-idle\"><figure class=\"fg-item-inner\"><a href=\"https:\/\/baudecker.com\/wp\/wp-content\/uploads\/2025\/03\/gietarka-do-blachy-500mm-15m2m-1.jpg\" data-attachment-id=\"445\" data-type=\"image\" class=\"fg-thumb\"><span class=\"fg-image-wrap\"><img decoding=\"async\" width=\"660\" height=\"400\" class=\"skip-lazy fg-image\" data-src-fg=\"https:\/\/baudecker.com\/wp\/wp-content\/uploads\/cache\/2025\/03\/gietarka-do-blachy-500mm-15m2m-1\/1981739212.jpg\" src=\"data:image\/svg+xml,%3Csvg%20xmlns%3D%22http%3A%2F%2Fwww.w3.org%2F2000%2Fsvg%22%20width%3D%22660%22%20height%3D%22400%22%20viewBox%3D%220%200%20660%20400%22%3E%3C%2Fsvg%3E\" loading=\"eager\"><\/span><span class=\"fg-image-overlay\"><\/span><\/a><figcaption class=\"fg-caption\"><div class=\"fg-caption-inner\"><\/div><\/figcaption><\/figure><div class=\"fg-loader\"><\/div><\/div><div class=\"fg-item fg-type-image fg-idle\"><figure class=\"fg-item-inner\"><a href=\"https:\/\/baudecker.com\/wp\/wp-content\/uploads\/2025\/03\/8888888888.jpg\" data-attachment-id=\"450\" data-type=\"image\" class=\"fg-thumb\"><span class=\"fg-image-wrap\"><img decoding=\"async\" width=\"660\" height=\"400\" class=\"skip-lazy fg-image\" data-src-fg=\"https:\/\/baudecker.com\/wp\/wp-content\/uploads\/cache\/2025\/03\/8888888888\/1492077403.jpg\" src=\"data:image\/svg+xml,%3Csvg%20xmlns%3D%22http%3A%2F%2Fwww.w3.org%2F2000%2Fsvg%22%20width%3D%22660%22%20height%3D%22400%22%20viewBox%3D%220%200%20660%20400%22%3E%3C%2Fsvg%3E\" loading=\"eager\"><\/span><span class=\"fg-image-overlay\"><\/span><\/a><figcaption class=\"fg-caption\"><div class=\"fg-caption-inner\"><\/div><\/figcaption><\/figure><div class=\"fg-loader\"><\/div><\/div>\t<\/div>\n\t<div class=\"fg-carousel-bottom\"><\/div>\n\t<div class=\"fg-carousel-progress\"><\/div>\n\t<button type=\"button\" class=\"fg-carousel-next\"><\/button>\n<\/div>\n\n\n<p style=\"padding-top:var(--wp--preset--spacing--x-small);padding-bottom:var(--wp--preset--spacing--x-small)\"><\/p>\n","protected":false},"excerpt":{"rendered":"<p>B\u00e1dogos \u00e9lhajl\u00edt\u00f3 1250 mm \/ 1,0 mm Tov\u00e1bbfejlesztett \u00e9lhajl\u00edt\u00f3 meger\u0151s\u00edtett hajl\u00edt\u00f3 pof\u00e1kkal, ak\u00e1r 140 fokos hajl\u00edt\u00e1si sz\u00f6g!T\u00f6k\u00e9letes v\u00e1laszt\u00e1s szakembereknek \u00e9s bark\u00e1csol\u00f3knak egyar\u00e1nt.Alkalmazhat\u00f3 \u00e9p\u00edtkez\u00e9sen ,aut\u00f3szervizben, modellez\u0151 munk\u00e1latokn\u00e1l,ak\u00e1r hirdet\u0151t\u00e1bla gy\u00e1rt\u00e1sn\u00e1l. Az \u00e9lhajl\u00edt\u00f3 felfogat\u00e1sa k\u00e9tf\u00e9le m\u00f3don t\u00f6rt\u00e9nhet:&#8211; Satuban&#8211; Satupad munkalapj\u00e1ra r\u00f6gz\u00edt\u00e9si pontok seg\u00edts\u00e9g\u00e9vel M\u0171szaki adatok:&#8211; teljes munkahossz 1250 mm,&#8211; maxim\u00e1lis megmunk\u00e1lhat\u00f3 ac\u00e9llemez vastags\u00e1g 1,0 mm,&#8211; a hajl\u00edt\u00f3 prizm\u00e1k [&hellip;]<\/p>\n","protected":false},"author":1,"featured_media":0,"parent":0,"menu_order":0,"comment_status":"closed","ping_status":"closed","template":"wp-custom-template-warsz","meta":{"footnotes":""},"class_list":["post-669","page","type-page","status-publish","hentry"],"_links":{"self":[{"href":"https:\/\/baudecker.com\/wp\/wp-json\/wp\/v2\/pages\/669","targetHints":{"allow":["GET"]}}],"collection":[{"href":"https:\/\/baudecker.com\/wp\/wp-json\/wp\/v2\/pages"}],"about":[{"href":"https:\/\/baudecker.com\/wp\/wp-json\/wp\/v2\/types\/page"}],"author":[{"embeddable":true,"href":"https:\/\/baudecker.com\/wp\/wp-json\/wp\/v2\/users\/1"}],"replies":[{"embeddable":true,"href":"https:\/\/baudecker.com\/wp\/wp-json\/wp\/v2\/comments?post=669"}],"version-history":[{"count":7,"href":"https:\/\/baudecker.com\/wp\/wp-json\/wp\/v2\/pages\/669\/revisions"}],"predecessor-version":[{"id":1204,"href":"https:\/\/baudecker.com\/wp\/wp-json\/wp\/v2\/pages\/669\/revisions\/1204"}],"wp:attachment":[{"href":"https:\/\/baudecker.com\/wp\/wp-json\/wp\/v2\/media?parent=669"}],"curies":[{"name":"wp","href":"https:\/\/api.w.org\/{rel}","templated":true}]}}