{"id":815,"date":"2025-03-22T09:28:16","date_gmt":"2025-03-22T09:28:16","guid":{"rendered":"https:\/\/baudecker.com\/wp\/?page_id=815"},"modified":"2025-09-21T09:58:10","modified_gmt":"2025-09-21T07:58:10","slug":"zaginarki-dekarskie-hu","status":"publish","type":"page","link":"https:\/\/baudecker.com\/wp\/hu\/zaginarki-dekarskie-hu\/","title":{"rendered":"B\u00e1dogos \u00e9lhajl\u00edt\u00f3k HU"},"content":{"rendered":"\n<div class=\"wp-block-group alignfull has-light-background-color has-background has-global-padding is-layout-constrained wp-container-core-group-is-layout-b993d43f wp-block-group-is-layout-constrained\" style=\"margin-top:0;margin-bottom:0;padding-top:var(--wp--preset--spacing--small);padding-right:var(--wp--preset--spacing--x-small);padding-bottom:var(--wp--preset--spacing--small);padding-left:var(--wp--preset--spacing--x-small)\">\n<div class=\"wp-block-columns is-layout-flex wp-container-core-columns-is-layout-28f84493 wp-block-columns-is-layout-flex\">\n<div class=\"wp-block-column is-layout-flow wp-block-column-is-layout-flow\" style=\"flex-basis:60%\">\n<div class=\"wp-block-group has-global-padding is-layout-constrained wp-container-core-group-is-layout-4b99461e wp-block-group-is-layout-constrained\">\n<div class=\"wp-block-group is-nowrap is-layout-flex wp-container-core-group-is-layout-6c531013 wp-block-group-is-layout-flex\">\n<h6 class=\"wp-block-heading has-highlight-color has-text-color has-link-color has-x-small-font-size wp-elements-db8e1003bc59ef0c19c54ea1af6ce412\">AJ\u00c1NLATUNK<\/h6>\n\n\n\n<hr class=\"wp-block-separator has-text-color has-highlight-color has-alpha-channel-opacity has-highlight-background-color has-background is-style-wide wp-container-content-e1bb55cb\"\/>\n<\/div>\n\n\n\n<h2 class=\"wp-block-heading\" style=\"line-height:1.1\">B\u00e1dogos \u00e9lhajl\u00edt\u00f3k<\/h2>\n<\/div>\n<\/div>\n\n\n\n<div class=\"wp-block-column is-layout-flow wp-block-column-is-layout-flow\" style=\"flex-basis:23%\"><\/div>\n\n\n\n<div class=\"wp-block-column is-vertically-aligned-bottom is-layout-flow wp-block-column-is-layout-flow\" style=\"flex-basis:17%\">\n<div class=\"wp-block-buttons is-content-justification-left is-layout-flex wp-container-core-buttons-is-layout-fc4fd283 wp-block-buttons-is-layout-flex\">\n<div style=\"display:none\" class=\"wp-block-button has-custom-font-size has-x-small-font-size\"><a class=\"wp-block-button__link wp-element-button\" style=\"border-radius:5px;padding-top:20px;padding-right:var(--wp--preset--spacing--medium);padding-bottom:20px;padding-left:var(--wp--preset--spacing--medium)\">MORE SERVICES<\/a><\/div>\n<\/div>\n<\/div>\n<\/div>\n\n\n\n<div class=\"wp-block-columns is-layout-flex wp-container-core-columns-is-layout-f619a8c7 wp-block-columns-is-layout-flex\">\n<div class=\"wp-block-column is-layout-flow wp-block-column-is-layout-flow\">\n<div class=\"wp-block-group has-global-padding is-layout-constrained wp-block-group-is-layout-constrained has-background\" style=\"border-radius:15px;margin-top:0;margin-bottom:0;padding-top:0;padding-bottom:0;background-image:url(&apos;https:\/\/baudecker.com\/wp\/wp-content\/uploads\/2025\/07\/glownedekarksie.jpg&apos;);background-position:52% 0%;background-repeat:no-repeat;background-size:contain;\">\n<div style=\"height:300px\" aria-hidden=\"true\" class=\"wp-block-spacer\"><\/div>\n\n\n\n<div class=\"wp-block-group has-background-background-color has-background is-nowrap is-layout-flex wp-container-core-group-is-layout-ab788452 wp-block-group-is-layout-flex\" style=\"border-top-left-radius:50px;border-top-right-radius:50px;border-bottom-left-radius:15px;border-bottom-right-radius:15px;border-bottom-color:var(--wp--preset--color--highlight);border-bottom-width:2px;padding-top:0;padding-right:0;padding-bottom:0;padding-left:0\">\n<div class=\"wp-block-group wp-container-content-36c51660 is-vertical is-content-justification-center is-nowrap is-layout-flex wp-container-core-group-is-layout-61ab0b23 wp-block-group-is-layout-flex\" style=\"padding-top:0;padding-right:0;padding-bottom:0;padding-left:0\">\n<div class=\"wp-block-group wp-container-content-9cfa9a5a has-global-padding is-layout-constrained wp-container-core-group-is-layout-63577fac wp-block-group-is-layout-constrained\" style=\"border-bottom-color:var(--wp--preset--color--outline);border-bottom-width:1px;padding-top:var(--wp--preset--spacing--medium);padding-right:var(--wp--preset--spacing--x-small);padding-bottom:var(--wp--preset--spacing--x-small);padding-left:var(--wp--preset--spacing--x-small)\">\n<figure class=\"wp-block-image size-full\"><img decoding=\"async\" src=\"https:\/\/baudecker.com\/wp\/wp-content\/themes\/blockskit-construction\/assets\/images\/service-img6.png\" alt=\"\" class=\"wp-image-154\"\/><\/figure>\n<\/div>\n\n\n\n<div class=\"wp-block-group has-global-padding is-layout-constrained wp-container-core-group-is-layout-4d709dd7 wp-block-group-is-layout-constrained\" style=\"padding-top:0;padding-right:0;padding-bottom:var(--wp--preset--spacing--x-small);padding-left:0\">\n<figure class=\"wp-block-image size-full\"><img decoding=\"async\" src=\"https:\/\/baudecker.com\/wp\/wp-content\/themes\/blockskit-construction\/assets\/images\/service-img7.png\" alt=\"\" class=\"wp-image-150\"\/><\/figure>\n<\/div>\n<\/div>\n\n\n\n<div class=\"wp-block-group is-nowrap is-layout-flex wp-container-core-group-is-layout-57237712 wp-block-group-is-layout-flex\" style=\"border-left-color:var(--wp--preset--color--outline);border-left-width:1px;padding-top:var(--wp--preset--spacing--small);padding-right:var(--wp--preset--spacing--medium);padding-bottom:var(--wp--preset--spacing--small);padding-left:var(--wp--preset--spacing--medium)\">\n<div class=\"wp-block-group has-global-padding is-layout-constrained wp-container-core-group-is-layout-c40a8074 wp-block-group-is-layout-constrained\">\n<h5 class=\"wp-block-heading\"><a href=\"https:\/\/baudecker.com\/wp\/hu\/zaginarka-dekarska-do-blach-2140-mm-08-mm-2\/\" data-type=\"page\" data-id=\"548\">B\u00e1dogos \u00e9lhajl\u00edt\u00f3<\/a><\/h5>\n\n\n\n<p>2140 mm \/ 0,8 mm<\/p>\n<\/div>\n<\/div>\n<\/div>\n<\/div>\n<\/div>\n\n\n\n<div class=\"wp-block-column is-layout-flow wp-block-column-is-layout-flow\">\n<div class=\"wp-block-group has-global-padding is-layout-constrained wp-block-group-is-layout-constrained has-background\" style=\"border-radius:15px;margin-top:0;margin-bottom:0;padding-top:0;padding-bottom:0;background-image:url(&apos;https:\/\/baudecker.com\/wp\/wp-content\/uploads\/2025\/09\/box2-dekar2-1.jpg&apos;);background-position:56.00000000000001% 0%;background-repeat:no-repeat;background-size:contain;background-attachment:scroll;\">\n<div style=\"height:300px\" aria-hidden=\"true\" class=\"wp-block-spacer\"><\/div>\n\n\n\n<div class=\"wp-block-group has-background-background-color has-background is-nowrap is-layout-flex wp-container-core-group-is-layout-ab788452 wp-block-group-is-layout-flex\" style=\"border-top-left-radius:50px;border-top-right-radius:50px;border-bottom-left-radius:15px;border-bottom-right-radius:15px;border-bottom-color:var(--wp--preset--color--highlight);border-bottom-width:2px;padding-top:0;padding-right:0;padding-bottom:0;padding-left:0\">\n<div class=\"wp-block-group wp-container-content-36c51660 is-vertical is-content-justification-center is-nowrap is-layout-flex wp-container-core-group-is-layout-61ab0b23 wp-block-group-is-layout-flex\" style=\"padding-top:0;padding-right:0;padding-bottom:0;padding-left:0\">\n<div class=\"wp-block-group wp-container-content-9cfa9a5a has-global-padding is-layout-constrained wp-container-core-group-is-layout-63577fac wp-block-group-is-layout-constrained\" style=\"border-bottom-color:var(--wp--preset--color--outline);border-bottom-width:1px;padding-top:var(--wp--preset--spacing--medium);padding-right:var(--wp--preset--spacing--x-small);padding-bottom:var(--wp--preset--spacing--x-small);padding-left:var(--wp--preset--spacing--x-small)\">\n<figure class=\"wp-block-image size-full\"><img decoding=\"async\" src=\"https:\/\/baudecker.com\/wp\/wp-content\/themes\/blockskit-construction\/assets\/images\/service-img6.png\" alt=\"\" class=\"wp-image-154\"\/><\/figure>\n<\/div>\n\n\n\n<div class=\"wp-block-group has-global-padding is-layout-constrained wp-container-core-group-is-layout-4d709dd7 wp-block-group-is-layout-constrained\" style=\"padding-top:0;padding-right:0;padding-bottom:var(--wp--preset--spacing--x-small);padding-left:0\">\n<figure class=\"wp-block-image size-full\"><img decoding=\"async\" src=\"https:\/\/baudecker.com\/wp\/wp-content\/themes\/blockskit-construction\/assets\/images\/service-img7.png\" alt=\"\" class=\"wp-image-150\"\/><\/figure>\n<\/div>\n<\/div>\n\n\n\n<div class=\"wp-block-group is-nowrap is-layout-flex wp-container-core-group-is-layout-57237712 wp-block-group-is-layout-flex\" style=\"border-left-color:var(--wp--preset--color--outline);border-left-width:1px;padding-top:var(--wp--preset--spacing--small);padding-right:var(--wp--preset--spacing--medium);padding-bottom:var(--wp--preset--spacing--small);padding-left:var(--wp--preset--spacing--medium)\">\n<div class=\"wp-block-group has-global-padding is-layout-constrained wp-container-core-group-is-layout-c40a8074 wp-block-group-is-layout-constrained\">\n<h5 class=\"wp-block-heading\"><a href=\"https:\/\/baudecker.com\/wp\/hu\/zaginarka-dekarska-do-blach-1140-mm-08-mm-2\/\" data-type=\"page\" data-id=\"555\"><\/a><a href=\"https:\/\/baudecker.com\/wp\/hu\/zaginarka-dekarska-do-blach-1140-mm-08-mm-hu\/\" data-type=\"page\" data-id=\"555\">B\u00e1dogos \u00e9lhajl\u00edt\u00f3<\/a><\/h5>\n\n\n\n<p>3140 mm \/ 0,8 mm<\/p>\n<\/div>\n<\/div>\n<\/div>\n<\/div>\n<\/div>\n\n\n\n<div class=\"wp-block-column is-layout-flow wp-block-column-is-layout-flow\">\n<div class=\"wp-block-group has-global-padding is-layout-constrained wp-block-group-is-layout-constrained has-background\" style=\"border-radius:15px;margin-top:0;margin-bottom:0;padding-top:0;padding-bottom:0;background-image:url(&apos;https:\/\/baudecker.com\/wp\/wp-content\/uploads\/2025\/03\/box3-dekar3-1.jpg&apos;);background-position:64% 4%;background-repeat:no-repeat;background-size:contain;\">\n<div style=\"height:300px\" aria-hidden=\"true\" class=\"wp-block-spacer\"><\/div>\n\n\n\n<div class=\"wp-block-group has-background-background-color has-background is-nowrap is-layout-flex wp-container-core-group-is-layout-ab788452 wp-block-group-is-layout-flex\" style=\"border-top-left-radius:50px;border-top-right-radius:50px;border-bottom-left-radius:15px;border-bottom-right-radius:15px;border-bottom-color:var(--wp--preset--color--highlight);border-bottom-width:2px;padding-top:0;padding-right:0;padding-bottom:0;padding-left:0\">\n<div class=\"wp-block-group wp-container-content-36c51660 is-vertical is-content-justification-center is-nowrap is-layout-flex wp-container-core-group-is-layout-61ab0b23 wp-block-group-is-layout-flex\" style=\"padding-top:0;padding-right:0;padding-bottom:0;padding-left:0\">\n<div class=\"wp-block-group wp-container-content-9cfa9a5a has-global-padding is-layout-constrained wp-container-core-group-is-layout-63577fac wp-block-group-is-layout-constrained\" style=\"border-bottom-color:var(--wp--preset--color--outline);border-bottom-width:1px;padding-top:var(--wp--preset--spacing--medium);padding-right:var(--wp--preset--spacing--x-small);padding-bottom:var(--wp--preset--spacing--x-small);padding-left:var(--wp--preset--spacing--x-small)\">\n<figure class=\"wp-block-image size-full\"><img decoding=\"async\" src=\"https:\/\/baudecker.com\/wp\/wp-content\/themes\/blockskit-construction\/assets\/images\/service-img6.png\" alt=\"\" class=\"wp-image-154\"\/><\/figure>\n<\/div>\n\n\n\n<div class=\"wp-block-group has-global-padding is-layout-constrained wp-container-core-group-is-layout-4d709dd7 wp-block-group-is-layout-constrained\" style=\"padding-top:0;padding-right:0;padding-bottom:var(--wp--preset--spacing--x-small);padding-left:0\">\n<figure class=\"wp-block-image size-full\"><img decoding=\"async\" src=\"https:\/\/baudecker.com\/wp\/wp-content\/themes\/blockskit-construction\/assets\/images\/service-img7.png\" alt=\"\" class=\"wp-image-150\"\/><\/figure>\n<\/div>\n<\/div>\n\n\n\n<div class=\"wp-block-group is-nowrap is-layout-flex wp-container-core-group-is-layout-57237712 wp-block-group-is-layout-flex\" style=\"border-left-color:var(--wp--preset--color--outline);border-left-width:1px;padding-top:var(--wp--preset--spacing--small);padding-right:var(--wp--preset--spacing--medium);padding-bottom:var(--wp--preset--spacing--small);padding-left:var(--wp--preset--spacing--medium)\">\n<div class=\"wp-block-group has-global-padding is-layout-constrained wp-container-core-group-is-layout-c40a8074 wp-block-group-is-layout-constrained\">\n<h5 class=\"wp-block-heading\"><a href=\"https:\/\/baudecker.com\/wp\/hu\/zaginarka-dekarska-do-blach-grubych-600-mm-3-mm\/\" data-type=\"page\" data-id=\"541\"><\/a><a href=\"https:\/\/baudecker.com\/wp\/hu\/zaginarka-dekarska-do-blach-1140-mm-08-mm-2\/\" data-type=\"page\" data-id=\"555\"><\/a><a href=\"https:\/\/baudecker.com\/wp\/hu\/zaginarka-dekarska-do-blach-grubych-600-mm-3-mm-hu\/\" data-type=\"page\" data-id=\"541\">B\u00e1dogos \u00e9lhajl\u00edt\u00f3<\/a><\/h5>\n\n\n\n<p>600 mm \/ 3 mm<\/p>\n<\/div>\n<\/div>\n<\/div>\n<\/div>\n<\/div>\n<\/div>\n<\/div>\n\n\n\n<p><\/p>\n","protected":false},"excerpt":{"rendered":"<p>AJ\u00c1NLATUNK B\u00e1dogos \u00e9lhajl\u00edt\u00f3k B\u00e1dogos \u00e9lhajl\u00edt\u00f3 2140 mm \/ 0,8 mm B\u00e1dogos \u00e9lhajl\u00edt\u00f3 3140 mm \/ 0,8 mm B\u00e1dogos \u00e9lhajl\u00edt\u00f3 600 mm \/ 3 mm<\/p>\n","protected":false},"author":1,"featured_media":0,"parent":0,"menu_order":0,"comment_status":"closed","ping_status":"closed","template":"wp-custom-template-fffff","meta":{"footnotes":""},"class_list":["post-815","page","type-page","status-publish","hentry"],"_links":{"self":[{"href":"https:\/\/baudecker.com\/wp\/wp-json\/wp\/v2\/pages\/815","targetHints":{"allow":["GET"]}}],"collection":[{"href":"https:\/\/baudecker.com\/wp\/wp-json\/wp\/v2\/pages"}],"about":[{"href":"https:\/\/baudecker.com\/wp\/wp-json\/wp\/v2\/types\/page"}],"author":[{"embeddable":true,"href":"https:\/\/baudecker.com\/wp\/wp-json\/wp\/v2\/users\/1"}],"replies":[{"embeddable":true,"href":"https:\/\/baudecker.com\/wp\/wp-json\/wp\/v2\/comments?post=815"}],"version-history":[{"count":11,"href":"https:\/\/baudecker.com\/wp\/wp-json\/wp\/v2\/pages\/815\/revisions"}],"predecessor-version":[{"id":1263,"href":"https:\/\/baudecker.com\/wp\/wp-json\/wp\/v2\/pages\/815\/revisions\/1263"}],"wp:attachment":[{"href":"https:\/\/baudecker.com\/wp\/wp-json\/wp\/v2\/media?parent=815"}],"curies":[{"name":"wp","href":"https:\/\/api.w.org\/{rel}","templated":true}]}}